{"id":4010,"date":"2026-01-12T09:15:51","date_gmt":"2026-01-12T08:15:51","guid":{"rendered":"https:\/\/ronja-weddings.com\/?page_id=4010"},"modified":"2026-03-25T17:34:50","modified_gmt":"2026-03-25T16:34:50","slug":"contact","status":"publish","type":"page","link":"https:\/\/ronja-weddings.com\/en\/kontakt\/","title":{"rendered":"Contact us"},"content":{"rendered":"\t\t<div data-elementor-type=\"wp-page\" data-elementor-id=\"4010\" class=\"elementor elementor-4010\" data-elementor-post-type=\"page\">\n\t\t\t\t<div class=\"elementor-element elementor-element-0b9e77c e-con-full e-flex e-con e-parent\" data-id=\"0b9e77c\" data-element_type=\"container\" data-e-type=\"container\" data-settings=\"{&quot;background_background&quot;:&quot;classic&quot;}\">\n\t\t<div class=\"elementor-element elementor-element-5c6733e e-con-full e-flex e-con e-child\" data-id=\"5c6733e\" data-element_type=\"container\" data-e-type=\"container\">\n\t\t\t\t<div class=\"elementor-element elementor-element-4a88dc3 elementor-widget-tablet__width-initial elementor-widget elementor-widget-heading\" data-id=\"4a88dc3\" data-element_type=\"widget\" data-e-type=\"widget\" data-widget_type=\"heading.default\">\n\t\t\t\t<div class=\"elementor-widget-container\">\n\t\t\t\t\t<h1 class=\"elementor-heading-title elementor-size-default\">Kontakt aufnehmen<\/h1>\t\t\t\t<\/div>\n\t\t\t\t<\/div>\n\t\t\t\t<div class=\"elementor-element elementor-element-119c100 elementor-widget__width-initial elementor-widget elementor-widget-heading\" data-id=\"119c100\" data-element_type=\"widget\" data-e-type=\"widget\" data-widget_type=\"heading.default\">\n\t\t\t\t<div class=\"elementor-widget-container\">\n\t\t\t\t\t<h4 class=\"elementor-heading-title elementor-size-default\">Ein pers\u00f6nliches Kennenlernen vor der Planung.<\/h4>\t\t\t\t<\/div>\n\t\t\t\t<\/div>\n\t\t\t\t<\/div>\n\t\t\t\t<\/div>\n\t\t\t\t<section class=\"elementor-section elementor-top-section elementor-element elementor-element-3c56b5c elementor-section-boxed elementor-section-height-default elementor-section-height-default\" data-id=\"3c56b5c\" data-element_type=\"section\" data-e-type=\"section\">\n\t\t\t\t\t\t<div class=\"elementor-container elementor-column-gap-default\">\n\t\t\t\t\t<div class=\"elementor-column elementor-col-50 elementor-top-column elementor-element elementor-element-f55e0c4\" data-id=\"f55e0c4\" data-element_type=\"column\" data-e-type=\"column\">\n\t\t\t<div class=\"elementor-widget-wrap elementor-element-populated\">\n\t\t\t\t\t\t<section class=\"elementor-section elementor-inner-section elementor-element elementor-element-3d308de elementor-section-height-min-height elementor-section-boxed elementor-section-height-default\" data-id=\"3d308de\" data-element_type=\"section\" data-e-type=\"section\">\n\t\t\t\t\t\t<div class=\"elementor-container elementor-column-gap-default\">\n\t\t\t\t\t<div class=\"elementor-column elementor-col-100 elementor-inner-column elementor-element elementor-element-3f23f1e\" data-id=\"3f23f1e\" data-element_type=\"column\" data-e-type=\"column\" data-settings=\"{&quot;background_background&quot;:&quot;classic&quot;}\">\n\t\t\t<div class=\"elementor-widget-wrap elementor-element-populated\">\n\t\t\t\t\t\t<div class=\"elementor-element elementor-element-dee107b elementor-widget__width-initial elementor-widget elementor-widget-image\" data-id=\"dee107b\" data-element_type=\"widget\" data-e-type=\"widget\" data-widget_type=\"image.default\">\n\t\t\t\t<div class=\"elementor-widget-container\">\n\t\t\t\t\t\t\t\t\t\t\t\t\t\t\t<img fetchpriority=\"high\" decoding=\"async\" width=\"1024\" height=\"1536\" src=\"https:\/\/ronja-weddings.com\/wp-content\/uploads\/2026\/02\/wedding_planner_salzburg_tirol_dolomiten_winterhochzeit.jpg\" class=\"attachment-full size-full wp-image-6365\" alt=\"Braut und Br\u00e4utigam posieren im Freien im Schnee mit der l\u00e4chelnden Frau Ronja Baumbach; Berge und B\u00e4ume bilden eine atemberaubende \u00f6sterreichische Kulisse f\u00fcr ihre kleine Winterhochzeit.\" srcset=\"https:\/\/ronja-weddings.com\/wp-content\/uploads\/2026\/02\/wedding_planner_salzburg_tirol_dolomiten_winterhochzeit.jpg 1024w, https:\/\/ronja-weddings.com\/wp-content\/uploads\/2026\/02\/wedding_planner_salzburg_tirol_dolomiten_winterhochzeit-200x300.jpg 200w, https:\/\/ronja-weddings.com\/wp-content\/uploads\/2026\/02\/wedding_planner_salzburg_tirol_dolomiten_winterhochzeit-683x1024.jpg 683w, https:\/\/ronja-weddings.com\/wp-content\/uploads\/2026\/02\/wedding_planner_salzburg_tirol_dolomiten_winterhochzeit-768x1152.jpg 768w, https:\/\/ronja-weddings.com\/wp-content\/uploads\/2026\/02\/wedding_planner_salzburg_tirol_dolomiten_winterhochzeit-600x900.jpg 600w\" sizes=\"(max-width: 1024px) 100vw, 1024px\" \/>\t\t\t\t\t\t\t\t\t\t\t\t\t\t\t<\/div>\n\t\t\t\t<\/div>\n\t\t\t\t\t<\/div>\n\t\t<\/div>\n\t\t\t\t\t<\/div>\n\t\t<\/section>\n\t\t\t\t\t<\/div>\n\t\t<\/div>\n\t\t\t\t<div class=\"elementor-column elementor-col-50 elementor-top-column elementor-element elementor-element-8be468d\" data-id=\"8be468d\" data-element_type=\"column\" data-e-type=\"column\">\n\t\t\t<div class=\"elementor-widget-wrap elementor-element-populated\">\n\t\t\t\t\t\t<div class=\"elementor-element elementor-element-f6ba6f4 elementor-widget elementor-widget-image\" data-id=\"f6ba6f4\" data-element_type=\"widget\" data-e-type=\"widget\" data-widget_type=\"image.default\">\n\t\t\t\t<div class=\"elementor-widget-container\">\n\t\t\t\t\t\t\t\t\t\t\t\t\t\t\t<img decoding=\"async\" width=\"1024\" height=\"683\" src=\"https:\/\/ronja-weddings.com\/wp-content\/uploads\/2026\/02\/tiny_wedding_oesterreich_bayern_suedtirol_dolomiten_hochzeitsplaner_alpen.jpg\" class=\"attachment-full size-full wp-image-6359\" alt=\"Die Braut im Spitzenkleid h\u00e4lt einen Strau\u00df rosa und wei\u00dfer Blumen und steht neben dem Br\u00e4utigam im hellen Anzug bei ihrer kleinen Winterhochzeit in \u00d6sterreich.\" srcset=\"https:\/\/ronja-weddings.com\/wp-content\/uploads\/2026\/02\/tiny_wedding_oesterreich_bayern_suedtirol_dolomiten_hochzeitsplaner_alpen.jpg 1024w, https:\/\/ronja-weddings.com\/wp-content\/uploads\/2026\/02\/tiny_wedding_oesterreich_bayern_suedtirol_dolomiten_hochzeitsplaner_alpen-300x200.jpg 300w, https:\/\/ronja-weddings.com\/wp-content\/uploads\/2026\/02\/tiny_wedding_oesterreich_bayern_suedtirol_dolomiten_hochzeitsplaner_alpen-768x512.jpg 768w, https:\/\/ronja-weddings.com\/wp-content\/uploads\/2026\/02\/tiny_wedding_oesterreich_bayern_suedtirol_dolomiten_hochzeitsplaner_alpen-600x400.jpg 600w\" sizes=\"(max-width: 1024px) 100vw, 1024px\" \/>\t\t\t\t\t\t\t\t\t\t\t\t\t\t\t<\/div>\n\t\t\t\t<\/div>\n\t\t\t\t<div class=\"elementor-element elementor-element-5679305 elementor-widget elementor-widget-heading\" data-id=\"5679305\" data-element_type=\"widget\" data-e-type=\"widget\" data-widget_type=\"heading.default\">\n\t\t\t\t<div class=\"elementor-widget-container\">\n\t\t\t\t\t<h2 class=\"elementor-heading-title elementor-size-default\">Der erste<\/h2>\t\t\t\t<\/div>\n\t\t\t\t<\/div>\n\t\t\t\t<div class=\"elementor-element elementor-element-5ca593f elementor-widget elementor-widget-heading\" data-id=\"5ca593f\" data-element_type=\"widget\" data-e-type=\"widget\" data-widget_type=\"heading.default\">\n\t\t\t\t<div class=\"elementor-widget-container\">\n\t\t\t\t\t<h2 class=\"elementor-heading-title elementor-size-default\">Schritt zur Zusammenarbeit<\/h2>\t\t\t\t<\/div>\n\t\t\t\t<\/div>\n\t\t\t\t<div class=\"elementor-element elementor-element-449df49 elementor-widget elementor-widget-heading\" data-id=\"449df49\" data-element_type=\"widget\" data-e-type=\"widget\" data-widget_type=\"heading.default\">\n\t\t\t\t<div class=\"elementor-widget-container\">\n\t\t\t\t\t<h4 class=\"elementor-heading-title elementor-size-default\">Ein pers\u00f6nliches Kennenlernen vor der Planung<\/h4>\t\t\t\t<\/div>\n\t\t\t\t<\/div>\n\t\t\t\t<div class=\"elementor-element elementor-element-a5bbc17 elementor-widget elementor-widget-text-editor\" data-id=\"a5bbc17\" data-element_type=\"widget\" data-e-type=\"widget\" data-widget_type=\"text-editor.default\">\n\t\t\t\t<div class=\"elementor-widget-container\">\n\t\t\t\t\t\t\t\t\t<div class=\"sc-8ffe308f-3 kZgBDR tally-block tally-block-text tally-block-7859c4b0-bf88-4ace-a368-139e649a7d56\" data-block-type=\"TEXT\" data-block-id=\"7859c4b0-bf88-4ace-a368-139e649a7d56\" data-sentry-element=\"BlockContainer\" data-sentry-component=\"renderBlock\" data-sentry-source-file=\"index.tsx\"><div class=\"sc-1a5a54bd-0 dLVIHx tally-text\" data-sentry-element=\"Container\" data-sentry-component=\"TextBlock\" data-sentry-source-file=\"index.tsx\">Bitte beantwortet den nachfolgenden Fragenbogen, damit ich absch\u00e4tzen kann, ob und wie ich euch weiterhelfen kann. Im Anschluss vereinbaren wir einen Termin f\u00fcr das Beratungsgespr\u00e4ch. Das Ausf\u00fcllen dauert maximal 2 Minuten.<\/div><\/div><div class=\"sc-8ffe308f-3 kZgBDR tally-block tally-block-text tally-block-610b6f16-b4c2-46dd-ad6d-b323dae29eef\" data-block-type=\"TEXT\" data-block-id=\"610b6f16-b4c2-46dd-ad6d-b323dae29eef\" data-sentry-element=\"BlockContainer\" data-sentry-component=\"renderBlock\" data-sentry-source-file=\"index.tsx\"><div class=\"sc-1a5a54bd-0 dLVIHx tally-text\" data-sentry-element=\"Container\" data-sentry-component=\"TextBlock\" data-sentry-source-file=\"index.tsx\">Ich freue mich auf euch!<\/div><\/div>\t\t\t\t\t\t\t\t<\/div>\n\t\t\t\t<\/div>\n\t\t\t\t<div class=\"elementor-element elementor-element-80835ab elementor-button-align-stretch elementor-widget elementor-widget-form\" data-id=\"80835ab\" data-element_type=\"widget\" data-e-type=\"widget\" data-settings=\"{&quot;step_next_label&quot;:&quot;Weiter&quot;,&quot;step_previous_label&quot;:&quot;Zur\\u00fcck&quot;,&quot;button_width&quot;:&quot;100&quot;,&quot;step_type&quot;:&quot;number_text&quot;,&quot;step_icon_shape&quot;:&quot;circle&quot;}\" data-widget_type=\"form.default\">\n\t\t\t\t<div class=\"elementor-widget-container\">\n\t\t\t\t\t\t\t<form class=\"elementor-form\" method=\"post\" name=\"Neues Formular\" aria-label=\"Neues Formular\">\n\t\t\t<input type=\"hidden\" name=\"post_id\" value=\"4010\"\/>\n\t\t\t<input type=\"hidden\" name=\"form_id\" value=\"80835ab\"\/>\n\t\t\t<input type=\"hidden\" name=\"referer_title\" value=\"\" \/>\n\n\t\t\t\n\t\t\t<div class=\"elementor-form-fields-wrapper elementor-labels-above\">\n\t\t\t\t\t\t\t\t<div class=\"elementor-field-type-step elementor-field-group elementor-column elementor-field-group-field_764c0a4 elementor-col-100\">\n\t\t\t\t\t\t\t<div class=\"e-field-step elementor-hidden\" data-label=\"\" data-previousButton=\"\" data-nextButton=\"\" data-iconUrl=\"\" data-iconLibrary=\"fas fa-star\" data-icon=\"&lt;svg class=&quot;e-font-icon-svg e-fas-star&quot; viewBox=&quot;0 0 576 512&quot; xmlns=&quot;http:\/\/www.w3.org\/2000\/svg&quot;&gt;&lt;path d=&quot;M259.3 17.8L194 150.2 47.9 171.5c-26.2 3.8-36.7 36.1-17.7 54.6l105.7 103-25 145.5c-4.5 26.3 23.2 46 46.4 33.7L288 439.6l130.7 68.7c23.2 12.2 50.9-7.4 46.4-33.7l-25-145.5 105.7-103c19-18.5 8.5-50.8-17.7-54.6L382 150.2 316.7 17.8c-11.7-23.6-45.6-23.9-57.4 0z&quot;&gt;&lt;\/path&gt;&lt;\/svg&gt;\" ><\/div>\n\n\t\t\t\t\t\t<\/div>\n\t\t\t\t\t\t\t\t<div class=\"elementor-field-type-text elementor-field-group elementor-column elementor-field-group-name elementor-col-100 elementor-field-required elementor-mark-required\">\n\t\t\t\t\t\t\t\t\t\t\t\t\t<input size=\"1\" type=\"text\" name=\"form_fields[name]\" id=\"form-field-name\" class=\"elementor-field elementor-size-sm  elementor-field-textual\" placeholder=\"Vor- und Nachname\" required=\"required\">\n\t\t\t\t\t\t\t\t\t\t\t<\/div>\n\t\t\t\t\t\t\t\t<div class=\"elementor-field-type-email elementor-field-group elementor-column elementor-field-group-email elementor-col-100 elementor-field-required elementor-mark-required\">\n\t\t\t\t\t\t\t\t\t\t\t\t\t<input size=\"1\" type=\"email\" name=\"form_fields[email]\" id=\"form-field-email\" class=\"elementor-field elementor-size-sm  elementor-field-textual\" placeholder=\"E-Mail Adresse\" required=\"required\">\n\t\t\t\t\t\t\t\t\t\t\t<\/div>\n\t\t\t\t\t\t\t\t<div class=\"elementor-field-type-tel elementor-field-group elementor-column elementor-field-group-field_15aad1e elementor-col-100 elementor-field-required elementor-mark-required\">\n\t\t\t\t\t\t\t<input size=\"1\" type=\"tel\" name=\"form_fields[field_15aad1e]\" id=\"form-field-field_15aad1e\" class=\"elementor-field elementor-size-sm  elementor-field-textual\" placeholder=\"Telefonnummer\" required=\"required\" pattern=\"[0-9()#&amp;+*-=.]+\" title=\"Only numbers and phone characters (#, -, *, etc) are accepted.\">\n\n\t\t\t\t\t\t<\/div>\n\t\t\t\t\t\t\t\t<div class=\"elementor-field-type-step elementor-field-group elementor-column elementor-field-group-field_459f132 elementor-col-100\">\n\t\t\t\t\t\t\t<div class=\"e-field-step elementor-hidden\" data-label=\"Weiter\" data-previousButton=\"Zur\u00fcck\" data-nextButton=\"Weiter\" data-iconUrl=\"\" data-iconLibrary=\"fas fa-caret-right\" data-icon=\"&lt;svg class=&quot;e-font-icon-svg e-fas-caret-right&quot; viewBox=&quot;0 0 192 512&quot; xmlns=&quot;http:\/\/www.w3.org\/2000\/svg&quot;&gt;&lt;path d=&quot;M0 384.662V127.338c0-17.818 21.543-26.741 34.142-14.142l128.662 128.662c7.81 7.81 7.81 20.474 0 28.284L34.142 398.804C21.543 411.404 0 402.48 0 384.662z&quot;&gt;&lt;\/path&gt;&lt;\/svg&gt;\" ><\/div>\n\n\t\t\t\t\t\t<\/div>\n\t\t\t\t\t\t\t\t<div class=\"elementor-field-type-checkbox elementor-field-group elementor-column elementor-field-group-message elementor-col-100\">\n\t\t\t\t\t\t\t\t\t\t\t\t<label for=\"form-field-message\" class=\"elementor-field-label\">\n\t\t\t\t\t\t\t\tBefindet ihr euch aktuell schon in der Hochzeitsplanung?\t\t\t\t\t\t\t<\/label>\n\t\t\t\t\t\t<div class=\"elementor-field-subgroup  \"><span class=\"elementor-field-option\"><input type=\"checkbox\" value=\"Ja\" id=\"form-field-message-0\" name=\"form_fields[message][]\"> <label for=\"form-field-message-0\">Ja<\/label><\/span><span class=\"elementor-field-option\"><input type=\"checkbox\" value=\"Nein\" id=\"form-field-message-1\" name=\"form_fields[message][]\"> <label for=\"form-field-message-1\">Nein<\/label><\/span><\/div>\t\t\t\t<\/div>\n\t\t\t\t\t\t\t\t<div class=\"elementor-field-type-step elementor-field-group elementor-column elementor-field-group-field_c2a7385 elementor-col-100\">\n\t\t\t\t\t\t\t<div class=\"e-field-step elementor-hidden\" data-label=\"Weiter\" data-previousButton=\"Zur\u00fcck\" data-nextButton=\"Weiter\" data-iconUrl=\"\" data-iconLibrary=\"fas fa-caret-right\" data-icon=\"&lt;svg class=&quot;e-font-icon-svg e-fas-caret-right&quot; viewBox=&quot;0 0 192 512&quot; xmlns=&quot;http:\/\/www.w3.org\/2000\/svg&quot;&gt;&lt;path d=&quot;M0 384.662V127.338c0-17.818 21.543-26.741 34.142-14.142l128.662 128.662c7.81 7.81 7.81 20.474 0 28.284L34.142 398.804C21.543 411.404 0 402.48 0 384.662z&quot;&gt;&lt;\/path&gt;&lt;\/svg&gt;\" ><\/div>\n\n\t\t\t\t\t\t<\/div>\n\t\t\t\t\t\t\t\t<div class=\"elementor-field-type-date elementor-field-group elementor-column elementor-field-group-field_8861e84 elementor-col-100\">\n\t\t\t\t\t\t\t\t\t\t\t\t<label for=\"form-field-field_8861e84\" class=\"elementor-field-label\">\n\t\t\t\t\t\t\t\tHabt ihr schon ein Wunschdatum f\u00fcr eure Hochzeit?\t\t\t\t\t\t\t<\/label>\n\t\t\t\t\t\t\n\t\t<input type=\"date\" name=\"form_fields[field_8861e84]\" id=\"form-field-field_8861e84\" class=\"elementor-field elementor-size-sm  elementor-field-textual elementor-date-field\" placeholder=\"Datum\" pattern=\"[0-9]{4}-[0-9]{2}-[0-9]{2}\">\n\t\t\t\t\t\t<\/div>\n\t\t\t\t\t\t\t\t<div class=\"elementor-field-type-step elementor-field-group elementor-column elementor-field-group-field_b0ec3af elementor-col-100\">\n\t\t\t\t\t\t\t<div class=\"e-field-step elementor-hidden\" data-label=\"Weiter\" data-previousButton=\"Zur\u00fcck\" data-nextButton=\"Weiter\" data-iconUrl=\"\" data-iconLibrary=\"fas fa-caret-right\" data-icon=\"&lt;svg class=&quot;e-font-icon-svg e-fas-caret-right&quot; viewBox=&quot;0 0 192 512&quot; xmlns=&quot;http:\/\/www.w3.org\/2000\/svg&quot;&gt;&lt;path d=&quot;M0 384.662V127.338c0-17.818 21.543-26.741 34.142-14.142l128.662 128.662c7.81 7.81 7.81 20.474 0 28.284L34.142 398.804C21.543 411.404 0 402.48 0 384.662z&quot;&gt;&lt;\/path&gt;&lt;\/svg&gt;\" ><\/div>\n\n\t\t\t\t\t\t<\/div>\n\t\t\t\t\t\t\t\t<div class=\"elementor-field-type-checkbox elementor-field-group elementor-column elementor-field-group-field_2d68ab5 elementor-col-100\">\n\t\t\t\t\t\t\t\t\t\t\t\t<label for=\"form-field-field_2d68ab5\" class=\"elementor-field-label\">\n\t\t\t\t\t\t\t\tWelche Aussagen treffen bei euch zu?<br> (Mehrfachauswahl m\u00f6glich)\t\t\t\t\t\t\t<\/label>\n\t\t\t\t\t\t<div class=\"elementor-field-subgroup  \"><span class=\"elementor-field-option\"><input type=\"checkbox\" value=\"Wir sind beruflich\/privat stark eingebunden &amp; haben wenig Zeit f\u00fcr die Hochzeitsplanung\" id=\"form-field-field_2d68ab5-0\" name=\"form_fields[field_2d68ab5][]\"> <label for=\"form-field-field_2d68ab5-0\">Wir sind beruflich\/privat stark eingebunden & haben wenig Zeit f\u00fcr die Hochzeitsplanung<\/label><\/span><span class=\"elementor-field-option\"><input type=\"checkbox\" value=\"Wir haben Angst, bei der Planung etwas falsch zu machen\" id=\"form-field-field_2d68ab5-1\" name=\"form_fields[field_2d68ab5][]\"> <label for=\"form-field-field_2d68ab5-1\">Wir haben Angst, bei der Planung etwas falsch zu machen<\/label><\/span><span class=\"elementor-field-option\"><input type=\"checkbox\" value=\"Wir wollen uns mit unseren G\u00e4sten am Tag der Hochzeit komplett fallen lassen &amp; uns um nichts k\u00fcmmern\" id=\"form-field-field_2d68ab5-2\" name=\"form_fields[field_2d68ab5][]\"> <label for=\"form-field-field_2d68ab5-2\">Wir wollen uns mit unseren G\u00e4sten am Tag der Hochzeit komplett fallen lassen & uns um nichts k\u00fcmmern<\/label><\/span><span class=\"elementor-field-option\"><input type=\"checkbox\" value=\"Wir ben\u00f6tigen Hilfe bei der Locationsuche\" id=\"form-field-field_2d68ab5-3\" name=\"form_fields[field_2d68ab5][]\"> <label for=\"form-field-field_2d68ab5-3\">Wir ben\u00f6tigen Hilfe bei der Locationsuche<\/label><\/span><span class=\"elementor-field-option\"><input type=\"checkbox\" value=\"Wir sind unsicher, ob eine Hochzeitsplanerin notwendig ist\" id=\"form-field-field_2d68ab5-4\" name=\"form_fields[field_2d68ab5][]\"> <label for=\"form-field-field_2d68ab5-4\">Wir sind unsicher, ob eine Hochzeitsplanerin notwendig ist<\/label><\/span><\/div>\t\t\t\t<\/div>\n\t\t\t\t\t\t\t\t<div class=\"elementor-field-type-step elementor-field-group elementor-column elementor-field-group-field_96256b0 elementor-col-100\">\n\t\t\t\t\t\t\t<div class=\"e-field-step elementor-hidden\" data-label=\"Weiter\" data-previousButton=\"Zur\u00fcck\" data-nextButton=\"Weiter\" data-iconUrl=\"\" data-iconLibrary=\"fas fa-caret-right\" data-icon=\"&lt;svg class=&quot;e-font-icon-svg e-fas-caret-right&quot; viewBox=&quot;0 0 192 512&quot; xmlns=&quot;http:\/\/www.w3.org\/2000\/svg&quot;&gt;&lt;path d=&quot;M0 384.662V127.338c0-17.818 21.543-26.741 34.142-14.142l128.662 128.662c7.81 7.81 7.81 20.474 0 28.284L34.142 398.804C21.543 411.404 0 402.48 0 384.662z&quot;&gt;&lt;\/path&gt;&lt;\/svg&gt;\" ><\/div>\n\n\t\t\t\t\t\t<\/div>\n\t\t\t\t\t\t\t\t<div class=\"elementor-field-type-text elementor-field-group elementor-column elementor-field-group-field_195f9db elementor-col-100 elementor-field-required elementor-mark-required\">\n\t\t\t\t\t\t\t\t\t\t\t\t<label for=\"form-field-field_195f9db\" class=\"elementor-field-label\">\n\t\t\t\t\t\t\t\tBeschreibt kurz, wie ihr euch eure Traumhochzeit vorstellt.\t\t\t\t\t\t\t<\/label>\n\t\t\t\t\t\t\t\t\t\t\t\t\t\t<input size=\"1\" type=\"text\" name=\"form_fields[field_195f9db]\" id=\"form-field-field_195f9db\" class=\"elementor-field elementor-size-sm  elementor-field-textual\" placeholder=\"Kurze Beschreibung\" required=\"required\">\n\t\t\t\t\t\t\t\t\t\t\t<\/div>\n\t\t\t\t\t\t\t\t<div class=\"elementor-field-type-step elementor-field-group elementor-column elementor-field-group-field_991f6f0 elementor-col-100\">\n\t\t\t\t\t\t\t<div class=\"e-field-step elementor-hidden\" data-label=\"Weiter\" data-previousButton=\"Zur\u00fcck\" data-nextButton=\"Weiter\" data-iconUrl=\"\" data-iconLibrary=\"fas fa-caret-right\" data-icon=\"&lt;svg class=&quot;e-font-icon-svg e-fas-caret-right&quot; viewBox=&quot;0 0 192 512&quot; xmlns=&quot;http:\/\/www.w3.org\/2000\/svg&quot;&gt;&lt;path d=&quot;M0 384.662V127.338c0-17.818 21.543-26.741 34.142-14.142l128.662 128.662c7.81 7.81 7.81 20.474 0 28.284L34.142 398.804C21.543 411.404 0 402.48 0 384.662z&quot;&gt;&lt;\/path&gt;&lt;\/svg&gt;\" ><\/div>\n\n\t\t\t\t\t\t<\/div>\n\t\t\t\t\t\t\t\t<div class=\"elementor-field-type-select elementor-field-group elementor-column elementor-field-group-field_c16bebf elementor-col-100 elementor-field-required elementor-mark-required\">\n\t\t\t\t\t\t\t\t\t\t\t\t<label for=\"form-field-field_c16bebf\" class=\"elementor-field-label\">\n\t\t\t\t\t\t\t\tWie hoch ist euer (geplantes) Hochzeitsbudget?\t\t\t\t\t\t\t<\/label>\n\t\t\t\t\t\t\t\t<div class=\"elementor-field elementor-select-wrapper remove-before \">\n\t\t\t<div class=\"select-caret-down-wrapper\">\n\t\t\t\t<svg aria-hidden=\"true\" class=\"e-font-icon-svg e-eicon-caret-down\" viewBox=\"0 0 571.4 571.4\" xmlns=\"http:\/\/www.w3.org\/2000\/svg\"><path d=\"M571 393Q571 407 561 418L311 668Q300 679 286 679T261 668L11 418Q0 407 0 393T11 368 36 357H536Q550 357 561 368T571 393Z\"><\/path><\/svg>\t\t\t<\/div>\n\t\t\t<select name=\"form_fields[field_c16bebf]\" id=\"form-field-field_c16bebf\" class=\"elementor-field-textual elementor-size-sm\" required=\"required\">\n\t\t\t\t\t\t\t\t\t<option value=\"unter 25.000\u20ac\">unter 25.000\u20ac<\/option>\n\t\t\t\t\t\t\t\t\t<option value=\"25.000 - 40.000\u20ac\">25.000 - 40.000\u20ac<\/option>\n\t\t\t\t\t\t\t\t\t<option value=\"40.000 - 60.000\u20ac\">40.000 - 60.000\u20ac<\/option>\n\t\t\t\t\t\t\t\t\t<option value=\"\u00fcber 60.000\u20ac\">\u00fcber 60.000\u20ac<\/option>\n\t\t\t\t\t\t\t<\/select>\n\t\t<\/div>\n\t\t\t\t\t\t<\/div>\n\t\t\t\t\t\t\t\t<div class=\"elementor-field-type-step elementor-field-group elementor-column elementor-field-group-field_c6c0357 elementor-col-100\">\n\t\t\t\t\t\t\t<div class=\"e-field-step elementor-hidden\" data-label=\"Weiter\" data-previousButton=\"Zur\u00fcck\" data-nextButton=\"Weiter\" data-iconUrl=\"\" data-iconLibrary=\"fas fa-caret-right\" data-icon=\"&lt;svg class=&quot;e-font-icon-svg e-fas-caret-right&quot; viewBox=&quot;0 0 192 512&quot; xmlns=&quot;http:\/\/www.w3.org\/2000\/svg&quot;&gt;&lt;path d=&quot;M0 384.662V127.338c0-17.818 21.543-26.741 34.142-14.142l128.662 128.662c7.81 7.81 7.81 20.474 0 28.284L34.142 398.804C21.543 411.404 0 402.48 0 384.662z&quot;&gt;&lt;\/path&gt;&lt;\/svg&gt;\" ><\/div>\n\n\t\t\t\t\t\t<\/div>\n\t\t\t\t\t\t\t\t<div class=\"elementor-field-type-text elementor-field-group elementor-column elementor-field-group-field_e6ccd60 elementor-col-100\">\n\t\t\t\t\t\t\t\t\t\t\t\t<label for=\"form-field-field_e6ccd60\" class=\"elementor-field-label\">\n\t\t\t\t\t\t\t\tMit wie vielen G\u00e4sten m\u00f6chtet ihr heiraten?\t\t\t\t\t\t\t<\/label>\n\t\t\t\t\t\t\t\t\t\t\t\t\t\t<input size=\"1\" type=\"text\" name=\"form_fields[field_e6ccd60]\" id=\"form-field-field_e6ccd60\" class=\"elementor-field elementor-size-sm  elementor-field-textual\" placeholder=\"Anzahl der G\u00e4ste\">\n\t\t\t\t\t\t\t\t\t\t\t<\/div>\n\t\t\t\t\t\t\t\t<div class=\"elementor-field-type-step elementor-field-group elementor-column elementor-field-group-field_0a67f16 elementor-col-100\">\n\t\t\t\t\t\t\t<div class=\"e-field-step elementor-hidden\" data-label=\"Weiter\" data-previousButton=\"Zur\u00fcck\" data-nextButton=\"Weiter\" data-iconUrl=\"\" data-iconLibrary=\"fas fa-caret-right\" data-icon=\"&lt;svg class=&quot;e-font-icon-svg e-fas-caret-right&quot; viewBox=&quot;0 0 192 512&quot; xmlns=&quot;http:\/\/www.w3.org\/2000\/svg&quot;&gt;&lt;path d=&quot;M0 384.662V127.338c0-17.818 21.543-26.741 34.142-14.142l128.662 128.662c7.81 7.81 7.81 20.474 0 28.284L34.142 398.804C21.543 411.404 0 402.48 0 384.662z&quot;&gt;&lt;\/path&gt;&lt;\/svg&gt;\" ><\/div>\n\n\t\t\t\t\t\t<\/div>\n\t\t\t\t\t\t\t\t<div class=\"elementor-field-type-text elementor-field-group elementor-column elementor-field-group-field_66d60ef elementor-col-100 elementor-field-required elementor-mark-required\">\n\t\t\t\t\t\t\t\t\t\t\t\t<label for=\"form-field-field_66d60ef\" class=\"elementor-field-label\">\n\t\t\t\t\t\t\t\tGibt es einen besonderen Grund, warum ihr ein Beratungsgespr\u00e4ch mit mir m\u00f6chtet?\t\t\t\t\t\t\t<\/label>\n\t\t\t\t\t\t\t\t\t\t\t\t\t\t<input size=\"1\" type=\"text\" name=\"form_fields[field_66d60ef]\" id=\"form-field-field_66d60ef\" class=\"elementor-field elementor-size-sm  elementor-field-textual\" placeholder=\"Eure Nachricht an mich\" required=\"required\">\n\t\t\t\t\t\t\t\t\t\t\t<\/div>\n\t\t\t\t\t\t\t\t<div class=\"elementor-field-type-text\">\n\t\t\t\t\t<input size=\"1\" type=\"text\" name=\"form_fields[field_326f70d]\" id=\"form-field-field_326f70d\" class=\"elementor-field elementor-size-sm \" style=\"display:none !important;\">\t\t\t\t<\/div>\n\t\t\t\t\t\t\t\t<div class=\"elementor-field-group elementor-column elementor-field-type-submit elementor-col-100 e-form__buttons\">\n\t\t\t\t\t<button class=\"elementor-button elementor-size-sm\" type=\"submit\">\n\t\t\t\t\t\t<span class=\"elementor-button-content-wrapper\">\n\t\t\t\t\t\t\t\t\t\t\t\t\t\t\t\t\t\t\t\t\t\t<span class=\"elementor-button-text\">Abschicken<\/span>\n\t\t\t\t\t\t\t\t\t\t\t\t\t<\/span>\n\t\t\t\t\t<\/button>\n\t\t\t\t<\/div>\n\t\t\t<\/div>\n\t\t<\/form>\n\t\t\t\t\t\t<\/div>\n\t\t\t\t<\/div>\n\t\t\t\t\t<\/div>\n\t\t<\/div>\n\t\t\t\t\t<\/div>\n\t\t<\/section>\n\t\t\t\t<\/div>\n\t\t","protected":false},"excerpt":{"rendered":"<p>Kontakt aufnehmen Ein pers\u00f6nliches Kennenlernen vor der Planung. Der erste Schritt zur Zusammenarbeit Ein pers\u00f6nliches Kennenlernen vor der Planung Bitte beantwortet den nachfolgenden Fragenbogen, damit ich absch\u00e4tzen kann, ob und wie ich euch weiterhelfen kann. Im Anschluss vereinbaren wir einen Termin f\u00fcr das Beratungsgespr\u00e4ch. Das Ausf\u00fcllen dauert maximal 2 Minuten.Ich freue mich auf euch!<\/p>","protected":false},"author":3,"featured_media":0,"parent":0,"menu_order":0,"comment_status":"closed","ping_status":"closed","template":"elementor_header_footer","meta":{"_acf_changed":false,"footnotes":""},"class_list":["post-4010","page","type-page","status-publish","hentry"],"acf":[],"_links":{"self":[{"href":"https:\/\/ronja-weddings.com\/en\/wp-json\/wp\/v2\/pages\/4010","targetHints":{"allow":["GET"]}}],"collection":[{"href":"https:\/\/ronja-weddings.com\/en\/wp-json\/wp\/v2\/pages"}],"about":[{"href":"https:\/\/ronja-weddings.com\/en\/wp-json\/wp\/v2\/types\/page"}],"author":[{"embeddable":true,"href":"https:\/\/ronja-weddings.com\/en\/wp-json\/wp\/v2\/users\/3"}],"replies":[{"embeddable":true,"href":"https:\/\/ronja-weddings.com\/en\/wp-json\/wp\/v2\/comments?post=4010"}],"version-history":[{"count":34,"href":"https:\/\/ronja-weddings.com\/en\/wp-json\/wp\/v2\/pages\/4010\/revisions"}],"predecessor-version":[{"id":9060,"href":"https:\/\/ronja-weddings.com\/en\/wp-json\/wp\/v2\/pages\/4010\/revisions\/9060"}],"wp:attachment":[{"href":"https:\/\/ronja-weddings.com\/en\/wp-json\/wp\/v2\/media?parent=4010"}],"curies":[{"name":"wp","href":"https:\/\/api.w.org\/{rel}","templated":true}]}}